{"id":5988,"date":"2023-02-26T18:47:05","date_gmt":"2023-02-26T18:47:05","guid":{"rendered":"https:\/\/sigstrat.ro\/magazin\/?page_id=5988"},"modified":"2023-02-26T18:47:05","modified_gmt":"2023-02-26T18:47:05","slug":"proiectul-innovation-norway","status":"publish","type":"page","link":"https:\/\/sigstrat.ro\/magazin\/proiectul-innovation-norway\/","title":{"rendered":"Proiectul Innovation Norway"},"content":{"rendered":"<p><img decoding=\"async\" loading=\"lazy\" class=\"alignnone size-full wp-image-5981\" src=\"https:\/\/sigstrat.ro\/magazin\/wp-content\/uploads\/2023\/02\/1.jpg\" alt=\"\" width=\"205\" height=\"98\" \/>\u00a0 \u00a0 \u00a0 \u00a0 \u00a0 \u00a0 \u00a0 \u00a0 \u00a0 \u00a0 \u00a0 \u00a0 \u00a0 \u00a0 \u00a0 \u00a0 \u00a0 \u00a0 \u00a0 \u00a0 \u00a0 \u00a0 \u00a0 \u00a0 \u00a0 \u00a0 \u00a0 <img decoding=\"async\" loading=\"lazy\" class=\"alignnone size-full wp-image-5980\" src=\"https:\/\/sigstrat.ro\/magazin\/wp-content\/uploads\/2023\/02\/2.jpg\" alt=\"\" width=\"192\" height=\"109\" \/><\/p>\n<p>&nbsp;<\/p>\n<p><strong>Trecerea la modelul de afaceri sustenabil la SIGSTRAT SA prin investi\u021bii majore cu implementarea proiectului <\/strong><\/p>\n<p><strong>\u201e <\/strong><strong>Dezvoltarea capacit\u0103\u021bii de energie solar\u0103 la Sigstrat SA nr. 2021\/589513\u201d<\/strong><\/p>\n<p>Sigstrat are un consum semnificativ de energie, care cost\u0103 anual peste 400 k EUR. Compania trebuie s\u0103 scad\u0103 cheltuielile de produc\u021bie, altfel va pierde pozi\u021bia de lider pe pia\u021b\u0103 \u00een domeniul respectiv. \u00centruc\u00e2t firma este situat\u0103 \u00een Sighetu Marmatiei, aproape de granita cu Ucraina nu exista o unitate producatoare de energie in aceasta micro-regiune, iar aceasta este izolata si din punct de vedere al alimentarii cu energie electrica. Compania va produce par\u021bial consumul propriu de energie electric\u0103, elimin\u00e2nd \u00eentreruperile care reprezint\u0103 obstacol major \u00een fa\u021ba capacit\u0103\u021bilor noastre de produc\u021bie.<\/p>\n<p><strong>R\u0103spunsul nostru<\/strong><\/p>\n<p>Pentru a ne men\u021bine \u0219i a cre\u0219te produc\u021bia \u0219i capacit\u0103\u021bile de produc\u021bie \u00eentr-un mod durabil, scopul nostru principal este s\u0103 punem \u00een practic\u0103 Modelul nostru de Afacere pentru Dezvoltare Durabil\u0103, creionat din anul 2020. \u00cen acest model, unul dintre obiectivele noastre operative este reducerea dependen\u021bei energetice \u0219i cre\u0219terea capacit\u0103\u021bilor de producere a energiei regenerabile pentru autoconsum. Pentru a atinge acest obiectiv, instal\u0103m o capacitate solar\u0103 fotovoltaic\u0103 de 1 MW pentru a ne acoperi cererea de energie cu capacit\u0103\u021bi proprii de produc\u021bie.<\/p>\n<p><strong>Realiz\u0103ri p\u00e2n\u0103 \u00een prezent<\/strong><\/p>\n<p>Angajamentul nostru de a apela la un model de afaceri durabil a \u00eenceput \u00een 2009, c\u00e2nd ne-am schimbat sistemul de \u00eenc\u0103lzire \u0219i instala\u021biile de uscare pentru lemn la de\u0219euri din biomas\u0103. Iar ast\u0103zi, dorim s\u0103 ajungem la autosuficien\u021b\u0103 energetic\u0103 \u0219i din punct de vedere electric. Proiectul nostru de investi\u021bii \u00een sistemul fotovoltaic este considerat drept exemplu de bun\u0103 practic\u0103 \u00een regiunea noastr\u0103 \u0219i pentru alte entit\u0103\u021bi publice \u0219i private.<\/p>\n<p><strong>Concluzie<\/strong><\/p>\n<p>Firma noastra a facut demersurile necesare intocmirii propunerii de proiect, inclusiv vizite tehnice cu implicarea exper\u021bii, estimare asupra ce capacitate poate fi instalat\u0103 pe acoperi\u0219urile halelor de produc\u021bie, a fost elaborat un buget pentru proiectul de investitii.<\/p>\n<p>Din fericire, Innovation Norway a acceptat propunerea noastr\u0103 de proiect \u0219i am \u00eenceput implementarea proiectului \u00een 2022. \u00cen c\u00e2teva luni vom pune \u00een func\u021biune sistemul nostru solar fotovoltaic de 1 MW.<\/p>\n<p>Prin acest proiect de investi\u021bii, rezultatele a\u0219teptate sunt:<\/p>\n<p>&#8211; reducerea emisiilor de CO2 cu 364 t\/an,<\/p>\n<p>&#8211; producerea a 1190 MWh\/an de energie electric\u0103 pentru autoconsum.<\/p>\n<p>Valoarea total\u0103 a proiectului este de 722.474,00 EUR, din care suma nerambursabil\u0103 este de 361.237,00 EUR. Perioada de implementare intre 02.06.2022 si 30.09.2023<\/p>\n<p>Date de contact: sigstrat@sigstrat.ro<\/p>\n","protected":false},"excerpt":{"rendered":"<p>\u00a0 \u00a0 \u00a0 \u00a0 \u00a0 \u00a0 \u00a0 \u00a0 \u00a0 \u00a0 \u00a0 \u00a0 \u00a0 \u00a0 \u00a0 \u00a0 \u00a0 \u00a0 \u00a0 \u00a0 \u00a0 \u00a0 \u00a0 \u00a0 \u00a0 \u00a0 \u00a0 &nbsp; Trecerea la modelul de afaceri sustenabil la SIGSTRAT SA prin investi\u021bii majore cu implementarea proiectului \u201e Dezvoltarea capacit\u0103\u021bii de energie solar\u0103 la Sigstrat SA nr. 2021\/589513\u201d Sigstrat [&hellip;]<\/p>\n","protected":false},"author":1,"featured_media":0,"parent":0,"menu_order":0,"comment_status":"closed","ping_status":"closed","template":"","meta":[],"_links":{"self":[{"href":"https:\/\/sigstrat.ro\/magazin\/wp-json\/wp\/v2\/pages\/5988"}],"collection":[{"href":"https:\/\/sigstrat.ro\/magazin\/wp-json\/wp\/v2\/pages"}],"about":[{"href":"https:\/\/sigstrat.ro\/magazin\/wp-json\/wp\/v2\/types\/page"}],"author":[{"embeddable":true,"href":"https:\/\/sigstrat.ro\/magazin\/wp-json\/wp\/v2\/users\/1"}],"replies":[{"embeddable":true,"href":"https:\/\/sigstrat.ro\/magazin\/wp-json\/wp\/v2\/comments?post=5988"}],"version-history":[{"count":2,"href":"https:\/\/sigstrat.ro\/magazin\/wp-json\/wp\/v2\/pages\/5988\/revisions"}],"predecessor-version":[{"id":5990,"href":"https:\/\/sigstrat.ro\/magazin\/wp-json\/wp\/v2\/pages\/5988\/revisions\/5990"}],"wp:attachment":[{"href":"https:\/\/sigstrat.ro\/magazin\/wp-json\/wp\/v2\/media?parent=5988"}],"curies":[{"name":"wp","href":"https:\/\/api.w.org\/{rel}","templated":true}]}}