{"id":4416,"date":"2018-06-28T19:18:50","date_gmt":"2018-06-28T19:18:50","guid":{"rendered":"https:\/\/publisig.ro\/sigstrat\/?page_id=4416"},"modified":"2018-06-28T19:35:28","modified_gmt":"2018-06-28T19:35:28","slug":"politica-de-confidentialitate","status":"publish","type":"page","link":"https:\/\/sigstrat.ro\/magazin\/politica-de-confidentialitate\/","title":{"rendered":"Politica de Confidentialitate"},"content":{"rendered":"<div class=\"flex_column av_one_full  flex_column_div av-zero-column-padding first  \" style='border-radius:0px; '><section class=\"av_textblock_section \"  itemscope=\"itemscope\" itemtype=\"https:\/\/schema.org\/CreativeWork\" ><div class='avia_textblock  '   itemprop=\"text\" ><h2>POLITICA DE CONFIDENTIALITATE GDPR &#8211; din 25.05.2018<\/h2>\n<h3>PRELUCRARE DATE PERSONALE CONFORM REGULAMENT (UE) 2016\/679<\/h3>\n<h3>Politica de Confiden\u021bialitate descrie categoriile datelor dumneavoastr\u0103 pe care le prelucr\u0103m, modalitatea \u0219i scopurile \u00een care le colect\u0103m, \u00een ce situa\u021bii transfer\u0103m date cu caracter personal \u0219i diversele drepturi \u0219i op\u021biuni de care dispune\u021bi \u00een acest sens. \u00cen acela\u0219i timp, Politica noastr\u0103 de Confiden\u021bialitate detaliaz\u0103 modul \u00een care prelucr\u0103m datele cu caracter personal \u00een gestionarea rela\u021biei cu clien\u021bii.<\/h3>\n<h3><\/h3>\n<ol>\n<li>\n<h3>DREPTURILE PERSOANELOR VIZATE<\/h3>\n<\/li>\n<\/ol>\n<h3>Va informam cu aceasta ocazie ca aveti urmatoarele drepturi:<br \/>\nDreptul de a fi informat (art. 12-13): Informarea persoanei vizate cu privire la categoriile de date colectate, scop, destinatari, transfer.<br \/>\nPortabilitatea datelor (art. 20): Persoana vizata are dreptul de a solicita portarea datelor intre Operatori.<br \/>\nDreptul de a fi uitat (art.17): Cand procesarea nu mai este justificata sau cand persoana vizata si-a retras consimtamantul<br \/>\nDreptul de a face opozitie (art.21): Dreptul persoanei vizate de a face obiectii sau de a se opune anumitor tipuri de prelucrari<br \/>\nDreptul de acces la date (art.15): Persoana vizata poate solicita acces la datele sale pentru a verifica daca prelucrarea este intemeiata<br \/>\nDreptul de a rectifica Datele ( art.16): Persoana vizata poate solicita rectificarea datelor in cazul in care acestea sunt procesate gresit<br \/>\nDreptul de restrictionare a prelucrarilor (art.18) Persoana vizata poate cere restrictionarea datelor folosite sau a transferului de date<br \/>\nDreptul de a se opune la profilari (art. 21) Persoana vizata are dreptul de a nu face obiectul unei decizii de profilare atunci cand aceasta se bazeaza pe prelucrarea automata.<\/h3>\n<h3><\/h3>\n<ol start=\"2\">\n<li>\n<h3>PRINCIPII DE PROTECTIE A DATELOR PERSONALE<\/h3>\n<\/li>\n<\/ol>\n<h3><\/h3>\n<ul>\n<li>\n<h3>Colectarea datelor personale se va face numai in scopurile specificate, explicite si legitime<\/h3>\n<\/li>\n<\/ul>\n<ul>\n<li>\n<h3>Procesarea detelor se va face intr-o maniera legala, corecta si transparenta<\/h3>\n<\/li>\n<\/ul>\n<ul>\n<li>\n<h3>Datele nu vor fi procesate catre terti intr-o maniera incompatibila cu acele scopuri;<\/h3>\n<\/li>\n<\/ul>\n<ul>\n<li>\n<h3>\u00cen cazul \u00een care intervin actualiz\u0103ri ale datelor transmise, consim\u0163\u0103m\u00e2ntul r\u0103m\u00e2ne \u00een vigoare p\u00e2n\u0103 la notificarea Sigstrat S.A. \u00een acest sens de c\u0103tre dumneavoastr\u0103;<\/h3>\n<\/li>\n<\/ul>\n<ul>\n<li>\n<h3>Toate datele personale vor fi pastrate confidential si stocate intr-o maniera ce asigura securitatea necesara;<\/h3>\n<\/li>\n<\/ul>\n<ul>\n<li>\n<h3>Datele personale nu vor fi distribuite persoanelor terte, decat in cazul in care acest lucru este necesar pentru realizarea scopurilor prezentate la pct. 3 ;<\/h3>\n<\/li>\n<\/ul>\n<ul>\n<li>\n<h3>Persoanele vizate au dreptul de a solicita accesul la datele personale, rectificarea si stergerea acestora, impotrivirea sau restrictionarea de la procesarea datelor, cat si de la dreptul de portabilitate al datelor.<\/h3>\n<\/li>\n<\/ul>\n<h3><\/h3>\n<ol start=\"3\">\n<li>\n<h3>DATELE PERSONALE SI COLECTAREA LOR<\/h3>\n<\/li>\n<\/ol>\n<h3>Date personale \u00eenseamn\u0103 orice informa\u021bie care poate fi legat\u0103 de o persoan\u0103 fizic\u0103 identificat\u0103 sau identificabil\u0103 (persoana subiect). Datele personale includ toate tipurile de informa\u021bii directe sau indirecte (\u0219i anume utilizate \u00een leg\u0103tur\u0103 cu alte date) ce se refer\u0103 la persoana subiect, cum ar fi nume, data de na\u0219tere, adrese, adrese de e-mail, numere de telefon, etc.<\/h3>\n<h3><\/h3>\n<ul>\n<li>\n<h3>Datele personale includ toate tipurile de informatii directe sau indirecte (si anume utilizate in legatura cu alte date) ce se refera la persoana fizica subiect, cum ar fi :\u00a0numele si prenumele,\u00a0adresa de e-mail, adresa postala, numarul de telefon mobil sau fix si alte date de contact similare necesare in vederea procesarii comenzilor plasate sau pentru orice alte obiective planificate in relatia cu dvs;<\/h3>\n<\/li>\n<\/ul>\n<ul>\n<li>\n<h3>Colectam date de logare pentru accesarea contului shop online SIGSTRAT.ro;<\/h3>\n<\/li>\n<\/ul>\n<ul>\n<li>\n<h3>Colectam prin Google Analtycs date despre dispozitivul dvs. si despre modul in care dvs. si dispozitivul interactionati cu produsele noastre ;<\/h3>\n<\/li>\n<\/ul>\n<ul>\n<li>\n<h3>Colectam prin Google Analtycs date despre caracteristicile pe care le utilizati, articolele pe care le achizitionati de pe paginile noastre web pe care le vizitati ;<\/h3>\n<\/li>\n<\/ul>\n<ul>\n<li>\n<h3>Colectam prin Google Analtycs date despre dispozitivul si reteaua pe care le utilizati pentru a va conecta la produsele noastre, respectiv locatie geografica, limba, sistem de operare. Nu se colecteaza informatii despre aplicatii software instalate pe dispozitiv, sau chei de produs.<\/h3>\n<\/li>\n<\/ul>\n<h3>Datele pe care le colectam includ :<\/h3>\n<h3>Toate informatiile colectate prin intermediul Google Analytics de pe site-urile noastre sunt doar la nivel statistic, ele neputand fi asociate unei anumite persoane.Google Analytic colecteaza si IP-urile care au accesat site-ul nostru, dar nu avem acces la aceste date.<\/h3>\n<h3><\/h3>\n<h3>4.SCOPUL COLECTARII<\/h3>\n<h3>Scopul colectarii datelor personale<\/h3>\n<ul>\n<li>\n<h3>orice comunicare legata de informarea persoanei fizice privind validarea, expedierea si facturarea comenzilor\u00a0 sau a problemelor de orice natura referitoare la o comanda, la bunurile achizitionate de pe magazinul online SIGSTRAT.ro;<\/h3>\n<\/li>\n<\/ul>\n<ul>\n<li>\n<h3>orice comunicare legata de informarea persoanei fizice privind expedierea postala\/curierat de mostre, materiale informative, materiale promotionale;<\/h3>\n<\/li>\n<\/ul>\n<ul>\n<li>\n<h3>respectarea obligatiilor legale;<\/h3>\n<\/li>\n<\/ul>\n<h3>IMPORTANT: De asemenea, acolo unde este cazul sau situatia o impune pentru realizarea scopului definit mai sus (cu titul de exemplu:\u00a0 expedierea unei comenzi, procesarea unei comenzi cu plata cu cardu, expedierea de colete cu mostre, materiale informative\/promotionale), Sigstrat S.A. poate furniza datele cu caracter personal altor companii partenere, dar numai in temeiul unui angajament de confidentialitate din partea acestora, prin care garanteaza ca aceste date sunt pastrate in siguranta si ca furnizarea acestor informatii personale se face conform legislatiei in vigoare, dupa cum urmeaza: furnizorilor de servicii de curierat, furnizorilor de servicii de marketing, furnizorilor de servicii de plata\/bancare, furnizori de servicii in IT, sau alte servicii similare. \u00a0Daca nu sunteti de acord cu divulgarea datelor personale acestor companii, sunteti rugati sa contactati DPO la adresa de email <a href=\"mailto:magazin@sigstrat.ro\">magazin@sigstrat.ro<\/a>. Informatiile cu caracter personal pot fi furnizate si catre Parchetul General, Politie, instantele judecatoresti si altor organe abilitate ale statului, in baza si in limitele prevederilor legale si ca urmare a unor cereri expres formulate.<\/h3>\n<h3><\/h3>\n<ol start=\"5\">\n<li>\n<h3>UTILIZAREA DATELOR PERSONALE<\/h3>\n<\/li>\n<\/ol>\n<h3>Vom utiliza datele personale numai pentru scopul \u00een care au fost colectate \u0219i vom stoca datele numai at\u00e2t c\u00e2t este necesar pentru acel scop. Vom p\u0103stra informa\u021biile clientului pentru perioada \u00een care contul s\u0103u este activ, pentru a \u00eei oferi servicii, pentru a fi conforme cu obliga\u021biile noastre legale sau pentru oricare din scopurile men\u021bionate mai sus. Accesul la datele personale este strict limitat personalului Sigstrat S.A. care de\u021bin autoriza\u021bia necesar\u0103 \u0219i nevoia clar definit\u0103 pentru utilizarea datelor.<\/h3>\n<h3>In plus, unele informatii (precum datele necesare in sistemul informatic financiar) sunt pastrate pe toata durata necesara pentru a respecta obligatiile legale in vigoare.<\/h3>\n<h3><\/h3>\n<ol start=\"6\">\n<li>\n<h3>SECURITATEA PROCESARII<\/h3>\n<\/li>\n<\/ol>\n<h3>Vom procesa datele in mod sigur, vom aplica si mentine masuri tehnice adecvate pentru a proteja datele personale impotriva distrugerii sau pierderii accidentale sau ilegale, alterare, divulgare sau acces neautorizat, in mod special atunci cand procesarea presupune transmiterea datelor printr-o retea, atat cat si impotriva oricarei alte forme de procesare ilegala.<br \/>\n\u00cens\u0103, cu toate eforturile depuse de Sigstrat S.A., nu se poate garanta o securitate absolut\u0103 \u00eempotriva tuturor riscurilor. \u00cen cea mai mare m\u0103sur\u0103 posibil, accesul la datele dvs. cu caracter personal este strict limitat la acele persoane care au nevoie s\u0103 le cunoasc\u0103. Persoanele care au acces la aceste date trebuie s\u0103 men\u0163in\u0103 confiden\u0163ialitatea acestora. De asemenea, facem eforturi rezonabile pentru a p\u0103stra informa\u0163iile cu caracter personal doar at\u00e2ta timp c\u00e2t este necesar pentru a ne conforma cererii din partea unei persoane sau p\u00e2n\u0103 c\u00e2nd persoana respectiv\u0103 solicit\u0103 eliminarea lor.<br \/>\n\u00centrebari legate de securitatea datelor personale pot fi trimise catre DPO la adresa de email\u00a0<a href=\"mailto:magazin@sigstrat.ro\">magazin@sigstrat.ro<\/a> .<\/h3>\n<h3><\/h3>\n<h3>7.ACCESUL, RECTIFICAREA SI STERGEREA DATELOR PERSONALE<\/h3>\n<ul>\n<li>\n<h3>aveti dreptul de a solicita in orice moment accesul la: \u00a0rectificarea, portabilitatea, stergerea sau restrictionarea procesarii datelor colectate;<\/h3>\n<\/li>\n<\/ul>\n<ul>\n<li>\n<h3>pentru pastrarea datelor personale actualizate, va recomandam sa ne informati despre orice schimbare sau discrepanta;<\/h3>\n<\/li>\n<\/ul>\n<h3>Consim\u0163\u0103m\u00e2ntul exprimat va r\u0103m\u00e2ne valabil p\u00e2n\u0103 la retragerea lui de c\u0103tre dumneavoastr\u0103.<br \/>\nOdata ce v-ati exprimat in scris dezacordul, datele dvs. personale nu vor mai fi procesate \u0219i se vor lua m\u0103surile corespunz\u0103toare pentru \u0219tergerea oric\u0103ror \u00eenregistr\u0103ri cu datele dumneavoastr\u0103 cu caracter personal.<br \/>\nConsim\u0163\u0103m\u00e2ntul poate fi retras oric\u00e2nd, \u00een mod gratuit, adresand direct cererea dvs. in scris pe email <a href=\"mailto:magazin@sigstrat.ro\">magazin@sigstrat.ro<\/a> .<br \/>\nV\u0103 reamintim drepturile acordate de Regulamentul General privind Protec\u0163ia Datelor 679\/2016, inclusiv\u00a0dreptul de informare, acces, rectificare, de a nu fi supus unei decizii bazate exclusiv pe prelucrarea automat\u0103, dreptul de \u015ftergere.<br \/>\nPute\u0163i s\u0103 v\u0103 exercita\u0163i oricare din aceste drepturi prin email la adresa\u00a0\u00a0<a href=\"mailto:magazin@sigstrat.ro\">magazin@sigstrat.ro<\/a> \u00a0sau\u00a0 s\u0103 ne transmite\u021bi o scrisoare semnata si data la adresa de contact de mai jos. Este posibil s\u0103 v\u0103 cerem s\u0103 v\u0103 dovedi\u021bi identitatea comunic\u00e2ndu-ne o copie a unui mijloc valabil de identificare pentru a ne conforma cu obliga\u021biile de securitate pe care le avem \u0219i a \u00eempiedica divulgarea neautorizat\u0103 a datelor.<br \/>\nVom lua \u00een considerare orice solicit\u0103ri sau pl\u00e2ngeri pe care le primim \u0219i v\u0103 vom transmite un r\u0103spuns \u00een timp util. Dac\u0103 nu sunte\u021bi mul\u021bumit de r\u0103spunsul nostru, pute\u021bi \u00eenainta pl\u00e2ngerea c\u0103tre Autoritatea Na\u021bional\u0103 de Supraveghere a Prelucr\u0103rii Datelor cu Caracter Personal \u2013 cu sediul \u00een Bd. Gheorghe Magheru nr. 28-30, Bucure\u0219ti, Rom\u00e2nia.<\/h3>\n<h3><\/h3>\n<ol start=\"9\">\n<li>\n<h3>MODIFICARI ALE ACESTOR POLITICI<\/h3>\n<\/li>\n<\/ol>\n<h3>Aceast\u0103 politic\u0103 poate fi actualizat\u0103 din c\u00e2nd \u00een c\u00e2nd, de exemplu \u00een urma modific\u0103rii legisla\u021biei relevante sau schimb\u0103ri ale structurii corporative \u00een Sigstrat S.A. . \u00cen cazul \u00een care se fac modific\u0103ri ale materialului clien\u021bii vor fi notifica\u021bi pe e-mail sau prin intermediul website-ului \u00eenainte ca schimb\u0103rile s\u0103 intre \u00een vigoare. \u00cencuraj\u0103m clien\u021bii s\u0103 verifice aceast\u0103 pagin\u0103 periodic pentru a fi informa\u021bi despre ultimele nout\u0103\u021bi \u00een ceea ce prive\u0219te practicile noastre de confiden\u021bialitate.<\/h3>\n<h3><\/h3>\n<ol start=\"10\">\n<li>\n<h3>POLITICA DE COOKIE-URI<\/h3>\n<\/li>\n<\/ol>\n<h3>Un cookie reprezinta o forma de microdate, care includ in general un identificator unic anonim, care este transmis catre motorul de cautare prin intermediul computerelor unui site web si este stocat pe hard disk-ul dispozitivului dumneavoastra. Cookie-urile sunt necesare pentru folosirea serviciilor SIGSTRAT.ro.<\/h3>\n<h3>Politica noastra de utilizare a cooki-urilor o gasiti aici:\u00a0<a href=\"https:\/\/www.sigstrat.ro\/magazin\/politica-de-confidentialitate\">https:\/\/www.sigstrat.ro\/magazin\/politica-de-confidentialitate<\/a><\/h3>\n<h3><\/h3>\n<h3>10.DATE DE CONTACT<\/h3>\n<h3>\u00a0\u00a0\u00a0\u00a0 SIGSTRAT S.A.<\/h3>\n<h3>\u00a0\u00a0\u00a0\u00a0 Str. Unirii, Nr. 40, loc. Sighetu Mrmatiei, jud. Maramures, ROMANIA<\/h3>\n<h3>\u00a0\u00a0\u00a0\u00a0 Tel. 0262311 117 ; 0262 317 575 ; Fax.0262315464 ; e mail sigstrat@sigstrat.ro<\/h3>\n<h3>POLITICA DE CONFIDENTIALITATE &#8211; pana in 24.05.2018<\/h3>\n<h3>Sigstrat S.A.,\u00a0 in calitate de proprietar si administrator al www.SIGSTRAT.ro, respecta caracterul privat si securitatea prelucrarii datelor cu caracter personal ale fiecarei persoane care viziteaza acest site in vederea efectuarii de cumparaturi online, fiind inregistrata sub Nr. 16413 la Autoritatea Nationala de Supraveghere a Prelucrarii Datelor cu Caracter Personal.<\/h3>\n<p>In conformitate cu dispozitiile Legii nr. 677\/2001 pentru protectia persoanelor cu privire la prelucrarea datelor cu caracter personal si libera circulatie a acestor date si ale Legii nr. 506\/2004 privind prelucrarea datelor cu caracter personal si protectia vietii private, Sigstrat S.A. are obligatia de a administra in conditii de siguranta si numai pentru scopurile specificate mai jos, datele personale pe care ni le furnizati despre dumneavoastra, un membru al familiei dumneavoastra ori o alta persoana.<\/p>\n<p>Sigstrat S.A. se obliga sa pastreze confidentialitatea datelor personale furnizate de dumneavoastra prin intermediul site-ului www.SIGSTRAT.ro, si prin completarea formularului de contact, asa cum prevad dispozitiile Legii 677\/2001 cu modificarile ulterioare privind protectia datelor personale.<\/p>\n<p>In conformitate cu dispozitiile Legii nr. 677\/2001, persoanele inregistrate, in caliatate de persoane vizate, au urmatoarele drepturi:<\/p>\n<p>&#8211; dreptul la informare (art.12)<\/p>\n<p>&#8211; dreptul de acces la date cu caracter personal (art.13);<\/p>\n<p>&#8211; dreptul de interventie asupra datelor cu caracter personal (art.14);<\/p>\n<p>&#8211; dreptul de opozitie (art.15);<\/p>\n<p>&#8211; dreptul de a nu fi supus unei decizii individuale (art.17);<\/p>\n<p>&#8211; dreptul de a se adresa justitiei (art.18).<\/p>\n<p>Orice informatie furnizata de dumneavoastra va fi considerata si va reprezenta consimtamintul dumneavoastra expres ca datele dumneavoastra personale sa fie folosite de Sigstrat S.A. in conformitate cu scopurile mentionate mai jos.<\/p>\n<p>Daca nu doriti ca datele dumneavoastra sa fie colectate va rugam sa nu ni le furnizati.<\/p>\n<p>Daca doriti ca datele dumneavoastra personale sa fie actualizate sau scoase din baza de date, ne puteti notifica oricand acest lucru la urmatoarea adresa: Sigstrat S.A. , str. Unirii, nr. 40, loc. Sighetu Marmatiei, jud. Maramures, Romania<\/p>\n<h3>Scopul colectarii datelor<\/h3>\n<h3>Atunci cand ne furnizati datele cu caracter personal, Sigstrat S.A. le poate utiliza in urmatoarele scopuri declarate, daca nu se specifica in alt fel:<\/h3>\n<ul>\n<li>\n<h3>pentru a ne asigura ca pagina de web este relevanta pentru nevoile dumneavoastra;<\/h3>\n<\/li>\n<li>\n<h3>pentru a va confirma serviciile pe care le-ati achizitionat in sistem on-line si a va furniza informatii suplimentare cu privire la aceste servicii (instructiuni de montaj etc);<\/h3>\n<\/li>\n<li>\n<h3>transmiterii de oferte, mesaje publicitare si de marketing;<\/h3>\n<\/li>\n<li>\n<h3>informatii despre promotii prin posta si telefon, SMS, sau alte mijloace de comunicare cu privire la produsele Sigstrat S.A. sau ale firmelor partenere;<\/h3>\n<\/li>\n<\/ul>\n<h3>Sigstrat S.A. poate dezvalui datele cu caracter personal catre terti daca acest lucru este cerut de lege sau in cazurile de buna-credinta in care aceste actiuni sunt necesare pentru conformarea la dispozitiile legale; protejarea si apararea drepturilor de proprietate ale Sigstrat S.A. si ale site-ului www.SIGSTRAT.ro; actionarea in circumstante de urgenta pentru protejarea sigurantei personale a angajatilor, utilizatorilor de produse sau servicii.<\/h3>\n<p>Atunci cind Sigstrat S.A. este solicitat sa furnizeze date cu caracter personal sau ni se permite acest lucru, vor fi dezvaluite doar acele date necesare indeplinirii stricte a obiectului solicitarii.<\/p>\n<h3>Colectarea de date cu caracter personal<\/h3>\n<h3>Efectuarea de cumparaturi online pe site-ul www.SIGSTRAT.ro necesita furnizarea informatiilor solicitate si marcate a fi obligatorii, inclusiv datele cu caracter personal.<\/h3>\n<p>Folosim datele cu caracter personal colectate pe site-ul www.SIGSTRAT.ro si prin formularele de contact, in urmatoarele scopuri:<\/p>\n<p>-facturarii produselor comandate de dumneavoastra;<\/p>\n<p>-inregistrarii dumneavoastra ca membru al site-ului SIGSTRAT.ro<\/p>\n<p>Datele cu caracter personal vor putea fi dezvaluite fara consimtamantul dumneavoastra in caz de litigi\/dispute privind fraudele, institutiilor abilitate.<\/p>\n<h3>Utilizarea datelor statistice si a datelor anonime<\/h3>\n<h3>Sigstrat S.A. poate folosi datele statistice sau datele anonime rezultate in urma prelucrarii in urmatoarele scopuri:<\/h3>\n<p>&#8211; realizarii de rapoarte \/ analize;<\/p>\n<p>&#8211; realizarii de informari in scopuri proprii;<\/p>\n<p>&#8211; publicarii, promovarii, ofertarii serviciilor oferite de Sigstrat S.A.<\/p>\n<\/div><\/section><\/div>\n","protected":false},"excerpt":{"rendered":"","protected":false},"author":1,"featured_media":0,"parent":0,"menu_order":0,"comment_status":"closed","ping_status":"closed","template":"","meta":[],"_links":{"self":[{"href":"https:\/\/sigstrat.ro\/magazin\/wp-json\/wp\/v2\/pages\/4416"}],"collection":[{"href":"https:\/\/sigstrat.ro\/magazin\/wp-json\/wp\/v2\/pages"}],"about":[{"href":"https:\/\/sigstrat.ro\/magazin\/wp-json\/wp\/v2\/types\/page"}],"author":[{"embeddable":true,"href":"https:\/\/sigstrat.ro\/magazin\/wp-json\/wp\/v2\/users\/1"}],"replies":[{"embeddable":true,"href":"https:\/\/sigstrat.ro\/magazin\/wp-json\/wp\/v2\/comments?post=4416"}],"version-history":[{"count":1,"href":"https:\/\/sigstrat.ro\/magazin\/wp-json\/wp\/v2\/pages\/4416\/revisions"}],"predecessor-version":[{"id":4417,"href":"https:\/\/sigstrat.ro\/magazin\/wp-json\/wp\/v2\/pages\/4416\/revisions\/4417"}],"wp:attachment":[{"href":"https:\/\/sigstrat.ro\/magazin\/wp-json\/wp\/v2\/media?parent=4416"}],"curies":[{"name":"wp","href":"https:\/\/api.w.org\/{rel}","templated":true}]}}